{"id":27,"date":"2023-11-05T15:34:13","date_gmt":"2023-11-05T15:34:13","guid":{"rendered":"https:\/\/alysha-music.com\/?page_id=27"},"modified":"2026-04-01T14:37:42","modified_gmt":"2026-04-01T14:37:42","slug":"about","status":"publish","type":"page","link":"https:\/\/alysha-music.com\/en\/about\/","title":{"rendered":"About"},"content":{"rendered":"<div data-elementor-type=\"wp-page\" data-elementor-id=\"27\" class=\"elementor elementor-27\">\n\t\t\t\t<div class=\"elementor-element elementor-element-df9bff0 e-flex e-con-boxed elementor-invisible e-con e-parent\" data-id=\"df9bff0\" data-element_type=\"container\" data-e-type=\"container\" data-settings=\"{&quot;background_background&quot;:&quot;classic&quot;,&quot;animation&quot;:&quot;fadeIn&quot;}\">\n\t\t\t\t\t<div class=\"e-con-inner\">\n\t\t\t\t<div class=\"elementor-element elementor-element-8955418 elementor-widget elementor-widget-heading\" data-id=\"8955418\" data-element_type=\"widget\" data-e-type=\"widget\" data-widget_type=\"heading.default\">\n\t\t\t\t<div class=\"elementor-widget-container\">\n\t\t\t\t\t<h2 class=\"elementor-heading-title elementor-size-default\">\u00dcBER UNS<\/h2>\t\t\t\t<\/div>\n\t\t\t\t<\/div>\n\t\t\t\t\t<\/div>\n\t\t\t\t<\/div>\n\t\t<div class=\"elementor-element elementor-element-8df6adc e-flex e-con-boxed e-con e-parent\" data-id=\"8df6adc\" data-element_type=\"container\" data-e-type=\"container\">\n\t\t\t\t\t<div class=\"e-con-inner\">\n\t\t<div class=\"elementor-element elementor-element-0f1a6fc e-con-full e-flex e-con e-child\" data-id=\"0f1a6fc\" data-element_type=\"container\" data-e-type=\"container\">\n\t\t\t\t<\/div>\n\t\t\t\t\t<\/div>\n\t\t\t\t<\/div>\n\t\t<div class=\"elementor-element elementor-element-ea2a060 e-flex e-con-boxed elementor-invisible e-con e-parent\" data-id=\"ea2a060\" data-element_type=\"container\" data-e-type=\"container\" data-settings=\"{&quot;animation&quot;:&quot;fadeIn&quot;,&quot;animation_delay&quot;:100}\">\n\t\t\t\t\t<div class=\"e-con-inner\">\n\t\t<div class=\"elementor-element elementor-element-8c9f736 e-con-full e-flex e-con e-child\" data-id=\"8c9f736\" data-element_type=\"container\" data-e-type=\"container\">\n\t\t\t\t<div class=\"elementor-element elementor-element-0bc4c0e elementor-widget elementor-widget-heading\" data-id=\"0bc4c0e\" data-element_type=\"widget\" data-e-type=\"widget\" data-widget_type=\"heading.default\">\n\t\t\t\t<div class=\"elementor-widget-container\">\n\t\t\t\t\t<h2 class=\"elementor-heading-title elementor-size-default\">GET TO KNOW US<\/h2>\t\t\t\t<\/div>\n\t\t\t\t<\/div>\n\t\t<div class=\"elementor-element elementor-element-ffc4bb1 e-con-full e-flex e-con e-child\" data-id=\"ffc4bb1\" data-element_type=\"container\" data-e-type=\"container\">\n\t\t\t\t<div class=\"elementor-element elementor-element-e0c6842 elementor-widget__width-initial elementor-widget-mobile__width-initial elementor-widget elementor-widget-text-editor\" data-id=\"e0c6842\" data-element_type=\"widget\" data-e-type=\"widget\" data-widget_type=\"text-editor.default\">\n\t\t\t\t<div class=\"elementor-widget-container\">\n\t\t\t\t\t\t\t\t\t<p>\u00a0<\/p><p>Willkommen bei Alysha \u2013 Exclusive Live Music, wo Musik nicht nur geh\u00f6rt, sondern gef\u00fchlt wird. Bei diesem Konzept dreht sich alles um die Schaffung von einzigartigen, emotionalen Momenten bei modernen Feierlichkeiten \u2013 eine Symbiose aus zeitloser Eleganz, Authentizit\u00e4t und einem Hauch von Luxus und Glamour.<\/p><p>Unsere Leidenschaft f\u00fcr Musik spiegelt sich in jeder Note wider, die wir gemeinsam anspielen. Wir stehen f\u00fcr au\u00dfergew\u00f6hnliche Klangmomente \u2013 von Trauung und Champagnerempfang bis hin zu Dinner und Hochzeitstanz. Bei uns ist kein Wunsch zu speziell: Ob als Duo mit Gitarre oder Klavier oder in einer exklusiven Band-Formation mit Gitarre, Akustik-Schlagzeug und Bass \u2013 jede Konstellation ist m\u00f6glich und ist individuell abgestimmt. Diskret, professionell und flexibel begleiten wir den gesamten Planungsprozess und schaffen Musikmomente, die euer Event unvergesslich machen.<\/p><p><em>Alysha \u2013 Exclusive Live Music:<\/em> Der Soundtrack f\u00fcr eure <em>modernen, authentischen\u00a0<\/em> Hochzeiten und <em>exklusiven<\/em> Events.<\/p>\t\t\t\t\t\t\t\t<\/div>\n\t\t\t\t<\/div>\n\t\t\t\t<\/div>\n\t\t\t\t<\/div>\n\t\t\t\t<div class=\"elementor-element elementor-element-809cc25 elementor-widget elementor-widget-spacer\" data-id=\"809cc25\" data-element_type=\"widget\" data-e-type=\"widget\" data-widget_type=\"spacer.default\">\n\t\t\t\t<div class=\"elementor-widget-container\">\n\t\t\t\t\t\t\t<div class=\"elementor-spacer\">\n\t\t\t<div class=\"elementor-spacer-inner\"><\/div>\n\t\t<\/div>\n\t\t\t\t\t\t<\/div>\n\t\t\t\t<\/div>\n\t\t\t\t\t<\/div>\n\t\t\t\t<\/div>\n\t\t<div class=\"elementor-element elementor-element-f9d9256 e-flex e-con-boxed elementor-invisible e-con e-parent\" data-id=\"f9d9256\" data-element_type=\"container\" data-e-type=\"container\" data-settings=\"{&quot;animation&quot;:&quot;slideInUp&quot;}\">\n\t\t\t\t\t<div class=\"e-con-inner\">\n\t\t<div class=\"elementor-element elementor-element-c45db1c e-con-full e-flex e-con e-child\" data-id=\"c45db1c\" data-element_type=\"container\" data-e-type=\"container\">\n\t\t<div class=\"elementor-element elementor-element-9346584 e-con-full e-flex e-con e-child\" data-id=\"9346584\" data-element_type=\"container\" data-e-type=\"container\">\n\t\t\t\t<div class=\"elementor-element elementor-element-e55e053 elementor-widget__width-initial elementor-widget elementor-widget-image\" data-id=\"e55e053\" data-element_type=\"widget\" data-e-type=\"widget\" data-settings=\"{&quot;_animation_mobile&quot;:&quot;fadeInUp&quot;,&quot;_animation&quot;:&quot;none&quot;}\" data-widget_type=\"image.default\">\n\t\t\t\t<div class=\"elementor-widget-container\">\n\t\t\t\t\t\t\t\t\t\t\t\t\t\t\t<img fetchpriority=\"high\" decoding=\"async\" width=\"799\" height=\"1024\" src=\"https:\/\/alysha-music.com\/wp-content\/uploads\/2026\/02\/Gemini_Generated_Image_hrtpwrhrtpwrhrtp-1-799x1024.png\" class=\"attachment-large size-large wp-image-1498\" alt=\"\" srcset=\"https:\/\/alysha-music.com\/wp-content\/uploads\/2026\/02\/Gemini_Generated_Image_hrtpwrhrtpwrhrtp-1-799x1024.png 799w, https:\/\/alysha-music.com\/wp-content\/uploads\/2026\/02\/Gemini_Generated_Image_hrtpwrhrtpwrhrtp-1-234x300.png 234w, https:\/\/alysha-music.com\/wp-content\/uploads\/2026\/02\/Gemini_Generated_Image_hrtpwrhrtpwrhrtp-1-768x984.png 768w, https:\/\/alysha-music.com\/wp-content\/uploads\/2026\/02\/Gemini_Generated_Image_hrtpwrhrtpwrhrtp-1-9x12.png 9w, https:\/\/alysha-music.com\/wp-content\/uploads\/2026\/02\/Gemini_Generated_Image_hrtpwrhrtpwrhrtp-1.png 856w\" sizes=\"(max-width: 799px) 100vw, 799px\" \/>\t\t\t\t\t\t\t\t\t\t\t\t\t\t\t<\/div>\n\t\t\t\t<\/div>\n\t\t\t\t<\/div>\n\t\t\t\t<\/div>\n\t\t<div class=\"elementor-element elementor-element-88af416 e-con-full e-flex e-con e-child\" data-id=\"88af416\" data-element_type=\"container\" data-e-type=\"container\">\n\t\t<div class=\"elementor-element elementor-element-9d479e8 e-con-full e-flex e-con e-child\" data-id=\"9d479e8\" data-element_type=\"container\" data-e-type=\"container\">\n\t\t\t\t<div class=\"elementor-element elementor-element-9f063df elementor-widget elementor-widget-heading\" data-id=\"9f063df\" data-element_type=\"widget\" data-e-type=\"widget\" data-widget_type=\"heading.default\">\n\t\t\t\t<div class=\"elementor-widget-container\">\n\t\t\t\t\t<h2 class=\"elementor-heading-title elementor-size-default\">about<\/h2>\t\t\t\t<\/div>\n\t\t\t\t<\/div>\n\t\t\t\t<div class=\"elementor-element elementor-element-008fc1b elementor-widget elementor-widget-heading\" data-id=\"008fc1b\" data-element_type=\"widget\" data-e-type=\"widget\" data-widget_type=\"heading.default\">\n\t\t\t\t<div class=\"elementor-widget-container\">\n\t\t\t\t\t<h2 class=\"elementor-heading-title elementor-size-default\">Alysha<\/h2>\t\t\t\t<\/div>\n\t\t\t\t<\/div>\n\t\t\t\t<div class=\"elementor-element elementor-element-e0db28f elementor-widget elementor-widget-text-editor\" data-id=\"e0db28f\" data-element_type=\"widget\" data-e-type=\"widget\" data-widget_type=\"text-editor.default\">\n\t\t\t\t<div class=\"elementor-widget-container\">\n\t\t\t\t\t\t\t\t\t<p>Gr\u00fcnderin &amp; S\u00e4ngerin<\/p>\t\t\t\t\t\t\t\t<\/div>\n\t\t\t\t<\/div>\n\t\t\t\t<div class=\"elementor-element elementor-element-510500d elementor-widget elementor-widget-text-editor\" data-id=\"510500d\" data-element_type=\"widget\" data-e-type=\"widget\" data-widget_type=\"text-editor.default\">\n\t\t\t\t<div class=\"elementor-widget-container\">\n\t\t\t\t\t\t\t\t\t<p>Als professionelle S\u00e4ngerin f\u00fcr moderne Hochzeiten und exklusive Events steht Alysha f\u00fcr erstklassige Unterhaltung, bei der die W\u00fcnsche von Kundinnen und Kunden, sowie deren G\u00e4ste stets im Mittelpunkt stehen. Mit einer einzigartigen Kombination aus Talent, Leidenschaft und Professionalit\u00e4t kreiert sie unvergessliche Momente, die lange in Erinnerung bleiben.<\/p><p>Was sie besonders macht, ist die Kombination aus Kreativit\u00e4t und unternehmerischem Feinsinn. Mit einem Master of Science in Business Administration bringt Alysha nicht nur B\u00fchnenpr\u00e4senz und musikalisches Gesp\u00fcr mit, sondern auch das strategische Denken, Organisationstalent und die Souver\u00e4nit\u00e4t, die es braucht, um anspruchsvolle Events zuverl\u00e4ssig und auf den Punkt zu begleiten.<br data-start=\"937\" data-end=\"940\" \/>K\u00fcnstlerische Intuition trifft bei ihr auf Professionalit\u00e4t &#8211; und genau das sp\u00fcren ihre Kund:innen vom ersten Kontakt bis zur letzten Note. Ob moderne Pop-Vibes, samtiger R&#8217;n&#8217;B, edler Jazz oder intime Balladen &#8211; Alysha bewegt sich m\u00fchelos zwischen den Genres und verleiht jedem Song ihre ganz pers\u00f6nliche Note. Dabei klingt sie nicht nur auf Deutsch und Englisch einzigartig, sondern begeistert auch in Sprachen wie Italienisch oder Spanisch.<\/p><p>Jeder Song wird von Alysha mit einer individuellen Note interpretiert, was ihn zu einem einzigartigen Erlebnis macht. Mit Alysha auf der B\u00fchne wird jede Veranstaltung zu einem unvergesslichen Highlight.<\/p>\t\t\t\t\t\t\t\t<\/div>\n\t\t\t\t<\/div>\n\t\t\t\t<\/div>\n\t\t\t\t<\/div>\n\t\t\t\t\t<\/div>\n\t\t\t\t<\/div>\n\t\t<div class=\"elementor-element elementor-element-396a721 e-flex e-con-boxed e-con e-parent\" data-id=\"396a721\" data-element_type=\"container\" data-e-type=\"container\">\n\t\t\t\t\t<div class=\"e-con-inner\">\n\t\t\t\t\t<\/div>\n\t\t\t\t<\/div>\n\t\t<div class=\"elementor-element elementor-element-bd06117 e-flex e-con-boxed e-con e-parent\" data-id=\"bd06117\" data-element_type=\"container\" data-e-type=\"container\" data-settings=\"{&quot;background_background&quot;:&quot;classic&quot;}\">\n\t\t\t\t\t<div class=\"e-con-inner\">\n\t\t<div class=\"elementor-element elementor-element-d09c894 e-con-full e-flex elementor-invisible e-con e-child\" data-id=\"d09c894\" data-element_type=\"container\" data-e-type=\"container\" data-settings=\"{&quot;animation&quot;:&quot;slideInLeft&quot;}\">\n\t\t<div class=\"elementor-element elementor-element-abd7f29 e-con-full e-flex e-con e-child\" data-id=\"abd7f29\" data-element_type=\"container\" data-e-type=\"container\">\n\t\t\t\t<div class=\"elementor-element elementor-element-738340a elementor-widget elementor-widget-heading\" data-id=\"738340a\" data-element_type=\"widget\" data-e-type=\"widget\" data-widget_type=\"heading.default\">\n\t\t\t\t<div class=\"elementor-widget-container\">\n\t\t\t\t\t<h2 class=\"elementor-heading-title elementor-size-default\">the<\/h2>\t\t\t\t<\/div>\n\t\t\t\t<\/div>\n\t\t\t\t<div class=\"elementor-element elementor-element-cfd83e2 elementor-widget elementor-widget-heading\" data-id=\"cfd83e2\" data-element_type=\"widget\" data-e-type=\"widget\" data-widget_type=\"heading.default\">\n\t\t\t\t<div class=\"elementor-widget-container\">\n\t\t\t\t\t<h2 class=\"elementor-heading-title elementor-size-default\">team<\/h2>\t\t\t\t<\/div>\n\t\t\t\t<\/div>\n\t\t\t\t<div class=\"elementor-element elementor-element-cd80d0e elementor-widget elementor-widget-heading\" data-id=\"cd80d0e\" data-element_type=\"widget\" data-e-type=\"widget\" data-widget_type=\"heading.default\">\n\t\t\t\t<div class=\"elementor-widget-container\">\n\t\t\t\t\t<h2 class=\"elementor-heading-title elementor-size-default\">\"Team work makes the dream work.\"<\/h2>\t\t\t\t<\/div>\n\t\t\t\t<\/div>\n\t\t\t\t<\/div>\n\t\t\t\t<div class=\"elementor-element elementor-element-33a1a8e elementor-widget__width-initial elementor-widget-mobile__width-initial elementor-widget elementor-widget-text-editor\" data-id=\"33a1a8e\" data-element_type=\"widget\" data-e-type=\"widget\" data-widget_type=\"text-editor.default\">\n\t\t\t\t<div class=\"elementor-widget-container\">\n\t\t\t\t\t\t\t\t\t<p>Unser Team setzt sich zusammen aus professionellen Musikerinnen und Musikern, die nicht nur Talent, sondern auch Leidenschaft, Zuverl\u00e4ssigkeit und ein hohes Ma\u00df an Professionalit\u00e4t mitbringen. Wir gehen stets die extra Meile, um sicherzustellen, dass euer Event perfekt wird. Jeder Song wird mit Liebe und Sorgfalt ausgew\u00e4hlt, der perfekt auf eure W\u00fcnsche angepasst und umgesetzt wird. So entsteht bei jedem Event ein individuelles und ma\u00dfgeschneidertes Repertoire, welches ein unvergessliches Erlebnis garantiert.<\/p>\t\t\t\t\t\t\t\t<\/div>\n\t\t\t\t<\/div>\n\t\t\t\t<\/div>\n\t\t<div class=\"elementor-element elementor-element-6b4d000 e-con-full e-flex elementor-invisible e-con e-child\" data-id=\"6b4d000\" data-element_type=\"container\" data-e-type=\"container\" data-settings=\"{&quot;animation&quot;:&quot;fadeIn&quot;}\">\n\t\t\t\t<div class=\"elementor-element elementor-element-4e6d584 elementor-widget elementor-widget-image\" data-id=\"4e6d584\" data-element_type=\"widget\" data-e-type=\"widget\" data-settings=\"{&quot;_animation_mobile&quot;:&quot;slideInUp&quot;}\" data-widget_type=\"image.default\">\n\t\t\t\t<div class=\"elementor-widget-container\">\n\t\t\t\t\t\t\t\t\t\t\t\t\t\t\t<img decoding=\"async\" width=\"1024\" height=\"683\" src=\"https:\/\/alysha-music.com\/wp-content\/uploads\/2024\/10\/Foto-30-1024x683.jpg\" class=\"attachment-large size-large wp-image-1078\" alt=\"\" srcset=\"https:\/\/alysha-music.com\/wp-content\/uploads\/2024\/10\/Foto-30-1024x683.jpg 1024w, https:\/\/alysha-music.com\/wp-content\/uploads\/2024\/10\/Foto-30-300x200.jpg 300w, https:\/\/alysha-music.com\/wp-content\/uploads\/2024\/10\/Foto-30-768x512.jpg 768w, https:\/\/alysha-music.com\/wp-content\/uploads\/2024\/10\/Foto-30-1536x1024.jpg 1536w, https:\/\/alysha-music.com\/wp-content\/uploads\/2024\/10\/Foto-30-2048x1365.jpg 2048w\" sizes=\"(max-width: 1024px) 100vw, 1024px\" \/>\t\t\t\t\t\t\t\t\t\t\t\t\t\t\t<\/div>\n\t\t\t\t<\/div>\n\t\t\t\t<\/div>\n\t\t\t\t\t<\/div>\n\t\t\t\t<\/div>\n\t\t<div class=\"elementor-element elementor-element-be3c5ef e-flex e-con-boxed e-con e-parent\" data-id=\"be3c5ef\" data-element_type=\"container\" data-e-type=\"container\">\n\t\t\t\t\t<div class=\"e-con-inner\">\n\t\t\t\t<div class=\"elementor-element elementor-element-e151b0d elementor-widget elementor-widget-spacer\" data-id=\"e151b0d\" data-element_type=\"widget\" data-e-type=\"widget\" data-widget_type=\"spacer.default\">\n\t\t\t\t<div class=\"elementor-widget-container\">\n\t\t\t\t\t\t\t<div class=\"elementor-spacer\">\n\t\t\t<div class=\"elementor-spacer-inner\"><\/div>\n\t\t<\/div>\n\t\t\t\t\t\t<\/div>\n\t\t\t\t<\/div>\n\t\t\t\t\t<\/div>\n\t\t\t\t<\/div>\n\t\t<div class=\"elementor-element elementor-element-925ad4f e-flex e-con-boxed e-con e-parent\" data-id=\"925ad4f\" data-element_type=\"container\" data-e-type=\"container\">\n\t\t\t\t\t<div class=\"e-con-inner\">\n\t\t\t\t\t<\/div>\n\t\t\t\t<\/div>\n\t\t\t\t<\/div>","protected":false},"excerpt":{"rendered":"<p>\u00dcBER UNS GET TO KNOW US \u00a0 Willkommen bei Alysha \u2013 Exclusive Live Music, wo Musik nicht nur geh\u00f6rt, sondern gef\u00fchlt wird. Bei diesem Konzept dreht sich alles um die Schaffung von einzigartigen, emotionalen Momenten bei modernen Feierlichkeiten \u2013 eine Symbiose aus zeitloser Eleganz, Authentizit\u00e4t und einem Hauch von Luxus und Glamour. Unsere Leidenschaft f\u00fcr [&hellip;]<\/p>\n","protected":false},"author":1,"featured_media":0,"parent":0,"menu_order":0,"comment_status":"closed","ping_status":"closed","template":"","meta":{"ocean_post_layout":"full-screen","ocean_both_sidebars_style":"","ocean_both_sidebars_content_width":0,"ocean_both_sidebars_sidebars_width":0,"ocean_sidebar":"","ocean_second_sidebar":"","ocean_disable_margins":"enable","ocean_add_body_class":"","ocean_shortcode_before_top_bar":"","ocean_shortcode_after_top_bar":"","ocean_shortcode_before_header":"","ocean_shortcode_after_header":"","ocean_has_shortcode":"","ocean_shortcode_after_title":"","ocean_shortcode_before_footer_widgets":"","ocean_shortcode_after_footer_widgets":"","ocean_shortcode_before_footer_bottom":"","ocean_shortcode_after_footer_bottom":"","ocean_display_top_bar":"off","ocean_display_header":"default","ocean_header_style":"","ocean_center_header_left_menu":"","ocean_custom_header_template":"","ocean_custom_logo":0,"ocean_custom_retina_logo":0,"ocean_custom_logo_max_width":0,"ocean_custom_logo_tablet_max_width":0,"ocean_custom_logo_mobile_max_width":0,"ocean_custom_logo_max_height":0,"ocean_custom_logo_tablet_max_height":0,"ocean_custom_logo_mobile_max_height":0,"ocean_header_custom_menu":"","ocean_menu_typo_font_family":"","ocean_menu_typo_font_subset":"","ocean_menu_typo_font_size":0,"ocean_menu_typo_font_size_tablet":0,"ocean_menu_typo_font_size_mobile":0,"ocean_menu_typo_font_size_unit":"px","ocean_menu_typo_font_weight":"","ocean_menu_typo_font_weight_tablet":"","ocean_menu_typo_font_weight_mobile":"","ocean_menu_typo_transform":"","ocean_menu_typo_transform_tablet":"","ocean_menu_typo_transform_mobile":"","ocean_menu_typo_line_height":0,"ocean_menu_typo_line_height_tablet":0,"ocean_menu_typo_line_height_mobile":0,"ocean_menu_typo_line_height_unit":"","ocean_menu_typo_spacing":0,"ocean_menu_typo_spacing_tablet":0,"ocean_menu_typo_spacing_mobile":0,"ocean_menu_typo_spacing_unit":"","ocean_menu_link_color":"","ocean_menu_link_color_hover":"","ocean_menu_link_color_active":"","ocean_menu_link_background":"","ocean_menu_link_hover_background":"","ocean_menu_link_active_background":"","ocean_menu_social_links_bg":"","ocean_menu_social_hover_links_bg":"","ocean_menu_social_links_color":"","ocean_menu_social_hover_links_color":"","ocean_disable_title":"on","ocean_disable_heading":"default","ocean_post_title":"","ocean_post_subheading":"","ocean_post_title_style":"","ocean_post_title_background_color":"","ocean_post_title_background":0,"ocean_post_title_bg_image_position":"","ocean_post_title_bg_image_attachment":"","ocean_post_title_bg_image_repeat":"","ocean_post_title_bg_image_size":"","ocean_post_title_height":0,"ocean_post_title_bg_overlay":0.5,"ocean_post_title_bg_overlay_color":"","ocean_disable_breadcrumbs":"default","ocean_breadcrumbs_color":"","ocean_breadcrumbs_separator_color":"","ocean_breadcrumbs_links_color":"","ocean_breadcrumbs_links_hover_color":"","ocean_display_footer_widgets":"off","ocean_display_footer_bottom":"off","ocean_custom_footer_template":"","footnotes":""},"class_list":["post-27","page","type-page","status-publish","hentry","entry"],"_links":{"self":[{"href":"https:\/\/alysha-music.com\/en\/wp-json\/wp\/v2\/pages\/27","targetHints":{"allow":["GET"]}}],"collection":[{"href":"https:\/\/alysha-music.com\/en\/wp-json\/wp\/v2\/pages"}],"about":[{"href":"https:\/\/alysha-music.com\/en\/wp-json\/wp\/v2\/types\/page"}],"author":[{"embeddable":true,"href":"https:\/\/alysha-music.com\/en\/wp-json\/wp\/v2\/users\/1"}],"replies":[{"embeddable":true,"href":"https:\/\/alysha-music.com\/en\/wp-json\/wp\/v2\/comments?post=27"}],"version-history":[{"count":245,"href":"https:\/\/alysha-music.com\/en\/wp-json\/wp\/v2\/pages\/27\/revisions"}],"predecessor-version":[{"id":1551,"href":"https:\/\/alysha-music.com\/en\/wp-json\/wp\/v2\/pages\/27\/revisions\/1551"}],"wp:attachment":[{"href":"https:\/\/alysha-music.com\/en\/wp-json\/wp\/v2\/media?parent=27"}],"curies":[{"name":"wp","href":"https:\/\/api.w.org\/{rel}","templated":true}]}}